{"id":195,"date":"2023-05-24T11:18:29","date_gmt":"2023-05-24T09:18:29","guid":{"rendered":"http:\/\/www.festivalsitaara.com\/?page_id=195"},"modified":"2026-03-30T19:35:41","modified_gmt":"2026-03-30T17:35:41","slug":"lieux-du-festival-pavillon-des-indes","status":"publish","type":"page","link":"https:\/\/www.festivalsitaara.com\/index.php\/lieux-du-festival-pavillon-des-indes\/","title":{"rendered":"Pavillon des Indes et Th\u00e9\u00e2tre de verdure"},"content":{"rendered":"\n<h3 class=\"wp-block-heading has-text-align-center\">Le Pavillon des Indes<\/h3>\n\n\n\n<p><a href=\"https:\/\/www.ville-courbevoie.fr\/2790\/culture-loisirs\/service-patrimoine-et-musee\/pavillon-des-indes-residence-d-artiste.htm\" target=\"_blank\" rel=\"noreferrer noopener\">Monument embl\u00e9matique de Courbevoie<\/a>, <strong>le Pavillon des Indes f\u00eate ses 10 ans de restauration<\/strong> cette ann\u00e9e.<\/p>\n\n\n\n<p>Install\u00e9 dans le parc de B\u00e9con, ce b\u00e2timent exceptionnel est inscrit \u00e0 l&rsquo;Inventaire suppl\u00e9mentaire des monuments historiques. Issu de l&rsquo;exposition universelle de 1878 et dot\u00e9 d&rsquo;une architecture singuli\u00e8re, ce b\u00e2timent charg\u00e9 d&rsquo;histoire a failli disparaitre sous les outrages du temps. Fort heureusement, il a fait l&rsquo;objet d&rsquo;une restauration m\u00e9ticuleuse en 2013.<\/p>\n\n\n\n<figure class=\"wp-block-gallery has-nested-images columns-default is-cropped wp-block-gallery-1 is-layout-flex wp-block-gallery-is-layout-flex\">\n<figure class=\"wp-block-image size-large\"><img loading=\"lazy\" decoding=\"async\" width=\"1024\" height=\"683\" data-id=\"597\" src=\"https:\/\/www.festivalsitaara.com\/wp-content\/uploads\/2023\/06\/pavillon-5-1-1024x683.jpg\" alt=\"Pavillon des Indes\" class=\"wp-image-597\" srcset=\"https:\/\/www.festivalsitaara.com\/wp-content\/uploads\/2023\/06\/pavillon-5-1-1024x683.jpg 1024w, https:\/\/www.festivalsitaara.com\/wp-content\/uploads\/2023\/06\/pavillon-5-1-300x200.jpg 300w, https:\/\/www.festivalsitaara.com\/wp-content\/uploads\/2023\/06\/pavillon-5-1-768x512.jpg 768w, https:\/\/www.festivalsitaara.com\/wp-content\/uploads\/2023\/06\/pavillon-5-1-1536x1024.jpg 1536w, https:\/\/www.festivalsitaara.com\/wp-content\/uploads\/2023\/06\/pavillon-5-1-2048x1365.jpg 2048w, https:\/\/www.festivalsitaara.com\/wp-content\/uploads\/2023\/06\/pavillon-5-1-2000x1333.jpg 2000w\" sizes=\"auto, (max-width: 1024px) 100vw, 1024px\" \/><\/figure>\n\n\n\n<figure class=\"wp-block-image size-large\"><img loading=\"lazy\" decoding=\"async\" width=\"1024\" height=\"614\" data-id=\"397\" src=\"https:\/\/www.festivalsitaara.com\/wp-content\/uploads\/2023\/05\/cropped-pavillon-6-scaled-1-1024x614.jpg\" alt=\"Pavillon des Indes\" class=\"wp-image-397\" srcset=\"https:\/\/www.festivalsitaara.com\/wp-content\/uploads\/2023\/05\/cropped-pavillon-6-scaled-1-1024x614.jpg 1024w, https:\/\/www.festivalsitaara.com\/wp-content\/uploads\/2023\/05\/cropped-pavillon-6-scaled-1-300x180.jpg 300w, https:\/\/www.festivalsitaara.com\/wp-content\/uploads\/2023\/05\/cropped-pavillon-6-scaled-1-768x461.jpg 768w, https:\/\/www.festivalsitaara.com\/wp-content\/uploads\/2023\/05\/cropped-pavillon-6-scaled-1-1536x922.jpg 1536w, https:\/\/www.festivalsitaara.com\/wp-content\/uploads\/2023\/05\/cropped-pavillon-6-scaled-1.jpg 2000w\" sizes=\"auto, (max-width: 1024px) 100vw, 1024px\" \/><\/figure>\n\n\n\n<figure class=\"wp-block-image size-large\"><img loading=\"lazy\" decoding=\"async\" width=\"1024\" height=\"684\" data-id=\"178\" src=\"https:\/\/www.festivalsitaara.com\/wp-content\/uploads\/2023\/05\/01-1024x684.jpg\" alt=\"Pavillon des Indes\" class=\"wp-image-178\" srcset=\"https:\/\/www.festivalsitaara.com\/wp-content\/uploads\/2023\/05\/01-1024x684.jpg 1024w, https:\/\/www.festivalsitaara.com\/wp-content\/uploads\/2023\/05\/01-300x200.jpg 300w, https:\/\/www.festivalsitaara.com\/wp-content\/uploads\/2023\/05\/01-768x513.jpg 768w, https:\/\/www.festivalsitaara.com\/wp-content\/uploads\/2023\/05\/01.jpg 1339w\" sizes=\"auto, (max-width: 1024px) 100vw, 1024px\" \/><\/figure>\n<\/figure>\n\n\n\n<div style=\"height:57px\" aria-hidden=\"true\" class=\"wp-block-spacer\"><\/div>\n\n\n\n<h3 class=\"wp-block-heading has-text-align-center\">Le Th\u00e9\u00e2tre de verdure<\/h3>\n\n\n\n<p>Construit en 1952, c&rsquo;est l&rsquo;oeuvre des fr\u00e8res Andr\u00e9 et Paul V\u00e9ra. <br>R\u00e9nov\u00e9 en 2021, le <a href=\"https:\/\/www.shcourbevoie.fr\/le-theatre-de-verdure-de-courbevoie\/\" target=\"_blank\" rel=\"noreferrer noopener\">Th\u00e9\u00e2tre de verdure<\/a> du parc de B\u00e9con poss\u00e8de une structure inspir\u00e9e des amphith\u00e9\u00e2tres antiques. Ce lieu de repr\u00e9sentation est bord\u00e9 par la verdure, ce qui lui octroie un charme particulier&#8230; pour une pause musicale sous les \u00e9toiles !<\/p>\n\n\n\n<div class=\"wp-block-columns is-layout-flex wp-container-core-columns-is-layout-28f84493 wp-block-columns-is-layout-flex\">\n<div class=\"wp-block-column is-layout-flow wp-block-column-is-layout-flow\">\n<figure class=\"wp-block-image aligncenter size-large is-resized\"><img loading=\"lazy\" decoding=\"async\" width=\"683\" height=\"1024\" src=\"https:\/\/www.festivalsitaara.com\/wp-content\/uploads\/2023\/06\/theatre-verdure-2-683x1024.jpg\" alt=\"\" class=\"wp-image-677\" style=\"width:232px;height:347px\" srcset=\"https:\/\/www.festivalsitaara.com\/wp-content\/uploads\/2023\/06\/theatre-verdure-2-683x1024.jpg 683w, https:\/\/www.festivalsitaara.com\/wp-content\/uploads\/2023\/06\/theatre-verdure-2-200x300.jpg 200w, https:\/\/www.festivalsitaara.com\/wp-content\/uploads\/2023\/06\/theatre-verdure-2-768x1152.jpg 768w, https:\/\/www.festivalsitaara.com\/wp-content\/uploads\/2023\/06\/theatre-verdure-2-1024x1536.jpg 1024w, https:\/\/www.festivalsitaara.com\/wp-content\/uploads\/2023\/06\/theatre-verdure-2-1365x2048.jpg 1365w, https:\/\/www.festivalsitaara.com\/wp-content\/uploads\/2023\/06\/theatre-verdure-2-scaled.jpg 1707w\" sizes=\"auto, (max-width: 683px) 100vw, 683px\" \/><\/figure>\n<\/div>\n\n\n\n<div class=\"wp-block-column is-layout-flow wp-block-column-is-layout-flow\">\n<figure class=\"wp-block-image aligncenter size-large is-resized\"><img loading=\"lazy\" decoding=\"async\" width=\"683\" height=\"1024\" src=\"https:\/\/www.festivalsitaara.com\/wp-content\/uploads\/2023\/06\/theatre-verdure-3-683x1024.jpg\" alt=\"\" class=\"wp-image-678\" style=\"width:232px;height:347px\" srcset=\"https:\/\/www.festivalsitaara.com\/wp-content\/uploads\/2023\/06\/theatre-verdure-3-683x1024.jpg 683w, https:\/\/www.festivalsitaara.com\/wp-content\/uploads\/2023\/06\/theatre-verdure-3-200x300.jpg 200w, https:\/\/www.festivalsitaara.com\/wp-content\/uploads\/2023\/06\/theatre-verdure-3-768x1152.jpg 768w, https:\/\/www.festivalsitaara.com\/wp-content\/uploads\/2023\/06\/theatre-verdure-3-1024x1536.jpg 1024w, https:\/\/www.festivalsitaara.com\/wp-content\/uploads\/2023\/06\/theatre-verdure-3-1365x2048.jpg 1365w, https:\/\/www.festivalsitaara.com\/wp-content\/uploads\/2023\/06\/theatre-verdure-3-scaled.jpg 1707w\" sizes=\"auto, (max-width: 683px) 100vw, 683px\" \/><\/figure>\n<\/div>\n\n\n\n<div class=\"wp-block-column is-layout-flow wp-block-column-is-layout-flow\">\n<figure class=\"wp-block-image aligncenter size-large is-resized\"><img loading=\"lazy\" decoding=\"async\" width=\"683\" height=\"1024\" src=\"https:\/\/www.festivalsitaara.com\/wp-content\/uploads\/2023\/06\/theatre-verdure-4-683x1024.jpg\" alt=\"\" class=\"wp-image-679\" style=\"width:232px;height:347px\" srcset=\"https:\/\/www.festivalsitaara.com\/wp-content\/uploads\/2023\/06\/theatre-verdure-4-683x1024.jpg 683w, https:\/\/www.festivalsitaara.com\/wp-content\/uploads\/2023\/06\/theatre-verdure-4-200x300.jpg 200w, https:\/\/www.festivalsitaara.com\/wp-content\/uploads\/2023\/06\/theatre-verdure-4-768x1152.jpg 768w, https:\/\/www.festivalsitaara.com\/wp-content\/uploads\/2023\/06\/theatre-verdure-4-1024x1536.jpg 1024w, https:\/\/www.festivalsitaara.com\/wp-content\/uploads\/2023\/06\/theatre-verdure-4-1365x2048.jpg 1365w, https:\/\/www.festivalsitaara.com\/wp-content\/uploads\/2023\/06\/theatre-verdure-4-scaled.jpg 1707w\" sizes=\"auto, (max-width: 683px) 100vw, 683px\" \/><\/figure>\n<\/div>\n<\/div>\n\n\n\n<p>D\u00e9couvrez ces lieux lors des soir\u00e9es \u00e9toil\u00e9es Sitaara !<\/p>\n\n\n\n<div class=\"wp-block-buttons is-content-justification-center is-layout-flex wp-container-core-buttons-is-layout-a89b3969 wp-block-buttons-is-layout-flex\">\n<div class=\"wp-block-button\"><a class=\"wp-block-button__link wp-element-button\" href=\"https:\/\/www.festivalsitaara.com\/index.php\/billetterie-du-festival\/\">Billetterie<\/a><\/div>\n<\/div>\n\n\n\n<div style=\"height:56px\" aria-hidden=\"true\" class=\"wp-block-spacer\"><\/div>\n","protected":false},"excerpt":{"rendered":"<p>Le Pavillon des Indes Monument embl\u00e9matique de Courbevoie, le Pavillon des Indes f\u00eate ses 10 ans de restauration cette ann\u00e9e. Install\u00e9 dans le parc de B\u00e9con, ce b\u00e2timent exceptionnel est inscrit \u00e0 l&rsquo;Inventaire suppl\u00e9mentaire des monuments historiques. Issu de l&rsquo;exposition universelle de 1878 et dot\u00e9 d&rsquo;une architecture singuli\u00e8re, ce b\u00e2timent charg\u00e9 d&rsquo;histoire a failli disparaitre &hellip; <\/p>\n<p class=\"link-more\"><a href=\"https:\/\/www.festivalsitaara.com\/index.php\/lieux-du-festival-pavillon-des-indes\/\" class=\"more-link\">Lire la suite de<span class=\"screen-reader-text\">\u00ab\u00a0Pavillon des Indes et Th\u00e9\u00e2tre de verdure\u00a0\u00bb<\/span><\/a><\/p>\n","protected":false},"author":2,"featured_media":0,"parent":0,"menu_order":0,"comment_status":"closed","ping_status":"closed","template":"","meta":{"inspiro_hide_title":false,"footnotes":""},"class_list":["post-195","page","type-page","status-publish","hentry"],"yoast_head":"<!-- This site is optimized with the Yoast SEO plugin v27.3 - https:\/\/yoast.com\/product\/yoast-seo-wordpress\/ -->\n<title>Pavillon des Indes et Th\u00e9\u00e2tre de verdure - Festival Sitaara<\/title>\n<meta name=\"description\" content=\"D\u00e9couvrez les lieux du Festival Sitaara dont le Pavillon des Indes du parc de B\u00e9con \u00e0 Courbevoie qui f\u00eate ses 10 ans de restauration.\" \/>\n<meta name=\"robots\" content=\"index, follow, max-snippet:-1, max-image-preview:large, max-video-preview:-1\" \/>\n<link rel=\"canonical\" href=\"https:\/\/www.festivalsitaara.com\/index.php\/lieux-du-festival-pavillon-des-indes\/\" \/>\n<meta property=\"og:locale\" content=\"fr_FR\" \/>\n<meta property=\"og:type\" content=\"article\" \/>\n<meta property=\"og:title\" content=\"Pavillon des Indes et Th\u00e9\u00e2tre de verdure - Festival Sitaara\" \/>\n<meta property=\"og:description\" content=\"D\u00e9couvrez les lieux du Festival Sitaara dont le Pavillon des Indes du parc de B\u00e9con \u00e0 Courbevoie qui f\u00eate ses 10 ans de restauration.\" \/>\n<meta property=\"og:url\" content=\"https:\/\/www.festivalsitaara.com\/index.php\/lieux-du-festival-pavillon-des-indes\/\" \/>\n<meta property=\"og:site_name\" content=\"Festival Sitaara\" \/>\n<meta property=\"article:publisher\" content=\"https:\/\/www.facebook.com\/festivalsitaara\/\" \/>\n<meta property=\"article:modified_time\" content=\"2026-03-30T17:35:41+00:00\" \/>\n<meta property=\"og:image\" content=\"https:\/\/www.festivalsitaara.com\/wp-content\/uploads\/2023\/06\/pavillon-5-1-scaled.jpg\" \/>\n\t<meta property=\"og:image:width\" content=\"2560\" \/>\n\t<meta property=\"og:image:height\" content=\"1707\" \/>\n\t<meta property=\"og:image:type\" content=\"image\/jpeg\" \/>\n<meta name=\"twitter:card\" content=\"summary_large_image\" \/>\n<meta name=\"twitter:label1\" content=\"Dur\u00e9e de lecture estim\u00e9e\" \/>\n\t<meta name=\"twitter:data1\" content=\"2 minutes\" \/>\n<script type=\"application\/ld+json\" class=\"yoast-schema-graph\">{\"@context\":\"https:\\\/\\\/schema.org\",\"@graph\":[{\"@type\":\"WebPage\",\"@id\":\"https:\\\/\\\/www.festivalsitaara.com\\\/index.php\\\/lieux-du-festival-pavillon-des-indes\\\/\",\"url\":\"https:\\\/\\\/www.festivalsitaara.com\\\/index.php\\\/lieux-du-festival-pavillon-des-indes\\\/\",\"name\":\"Pavillon des Indes et Th\u00e9\u00e2tre de verdure - Festival Sitaara\",\"isPartOf\":{\"@id\":\"https:\\\/\\\/www.festivalsitaara.com\\\/#website\"},\"primaryImageOfPage\":{\"@id\":\"https:\\\/\\\/www.festivalsitaara.com\\\/index.php\\\/lieux-du-festival-pavillon-des-indes\\\/#primaryimage\"},\"image\":{\"@id\":\"https:\\\/\\\/www.festivalsitaara.com\\\/index.php\\\/lieux-du-festival-pavillon-des-indes\\\/#primaryimage\"},\"thumbnailUrl\":\"https:\\\/\\\/www.festivalsitaara.com\\\/wp-content\\\/uploads\\\/2023\\\/06\\\/pavillon-5-1-1024x683.jpg\",\"datePublished\":\"2023-05-24T09:18:29+00:00\",\"dateModified\":\"2026-03-30T17:35:41+00:00\",\"description\":\"D\u00e9couvrez les lieux du Festival Sitaara dont le Pavillon des Indes du parc de B\u00e9con \u00e0 Courbevoie qui f\u00eate ses 10 ans de restauration.\",\"breadcrumb\":{\"@id\":\"https:\\\/\\\/www.festivalsitaara.com\\\/index.php\\\/lieux-du-festival-pavillon-des-indes\\\/#breadcrumb\"},\"inLanguage\":\"fr-FR\",\"potentialAction\":[{\"@type\":\"ReadAction\",\"target\":[\"https:\\\/\\\/www.festivalsitaara.com\\\/index.php\\\/lieux-du-festival-pavillon-des-indes\\\/\"]}]},{\"@type\":\"ImageObject\",\"inLanguage\":\"fr-FR\",\"@id\":\"https:\\\/\\\/www.festivalsitaara.com\\\/index.php\\\/lieux-du-festival-pavillon-des-indes\\\/#primaryimage\",\"url\":\"https:\\\/\\\/www.festivalsitaara.com\\\/wp-content\\\/uploads\\\/2023\\\/06\\\/pavillon-5-1-scaled.jpg\",\"contentUrl\":\"https:\\\/\\\/www.festivalsitaara.com\\\/wp-content\\\/uploads\\\/2023\\\/06\\\/pavillon-5-1-scaled.jpg\",\"width\":2560,\"height\":1707,\"caption\":\"Pavillon des indes acc\u00e8s\"},{\"@type\":\"BreadcrumbList\",\"@id\":\"https:\\\/\\\/www.festivalsitaara.com\\\/index.php\\\/lieux-du-festival-pavillon-des-indes\\\/#breadcrumb\",\"itemListElement\":[{\"@type\":\"ListItem\",\"position\":1,\"name\":\"Accueil\",\"item\":\"https:\\\/\\\/www.festivalsitaara.com\\\/\"},{\"@type\":\"ListItem\",\"position\":2,\"name\":\"Pavillon des Indes et Th\u00e9\u00e2tre de verdure\"}]},{\"@type\":\"WebSite\",\"@id\":\"https:\\\/\\\/www.festivalsitaara.com\\\/#website\",\"url\":\"https:\\\/\\\/www.festivalsitaara.com\\\/\",\"name\":\"Festival Sitaara\",\"description\":\"Concerts de musique franco-indienne\",\"publisher\":{\"@id\":\"https:\\\/\\\/www.festivalsitaara.com\\\/#organization\"},\"potentialAction\":[{\"@type\":\"SearchAction\",\"target\":{\"@type\":\"EntryPoint\",\"urlTemplate\":\"https:\\\/\\\/www.festivalsitaara.com\\\/?s={search_term_string}\"},\"query-input\":{\"@type\":\"PropertyValueSpecification\",\"valueRequired\":true,\"valueName\":\"search_term_string\"}}],\"inLanguage\":\"fr-FR\"},{\"@type\":\"Organization\",\"@id\":\"https:\\\/\\\/www.festivalsitaara.com\\\/#organization\",\"name\":\"Festival Sitaara\",\"url\":\"https:\\\/\\\/www.festivalsitaara.com\\\/\",\"logo\":{\"@type\":\"ImageObject\",\"inLanguage\":\"fr-FR\",\"@id\":\"https:\\\/\\\/www.festivalsitaara.com\\\/#\\\/schema\\\/logo\\\/image\\\/\",\"url\":\"https:\\\/\\\/www.festivalsitaara.com\\\/wp-content\\\/uploads\\\/2023\\\/06\\\/cropped-sitaara_ocre.png\",\"contentUrl\":\"https:\\\/\\\/www.festivalsitaara.com\\\/wp-content\\\/uploads\\\/2023\\\/06\\\/cropped-sitaara_ocre.png\",\"width\":2333,\"height\":3466,\"caption\":\"Festival Sitaara\"},\"image\":{\"@id\":\"https:\\\/\\\/www.festivalsitaara.com\\\/#\\\/schema\\\/logo\\\/image\\\/\"},\"sameAs\":[\"https:\\\/\\\/www.facebook.com\\\/festivalsitaara\\\/\",\"https:\\\/\\\/www.instagram.com\\\/festivalsitaara\\\/\"]}]}<\/script>\n<!-- \/ Yoast SEO plugin. -->","yoast_head_json":{"title":"Pavillon des Indes et Th\u00e9\u00e2tre de verdure - Festival Sitaara","description":"D\u00e9couvrez les lieux du Festival Sitaara dont le Pavillon des Indes du parc de B\u00e9con \u00e0 Courbevoie qui f\u00eate ses 10 ans de restauration.","robots":{"index":"index","follow":"follow","max-snippet":"max-snippet:-1","max-image-preview":"max-image-preview:large","max-video-preview":"max-video-preview:-1"},"canonical":"https:\/\/www.festivalsitaara.com\/index.php\/lieux-du-festival-pavillon-des-indes\/","og_locale":"fr_FR","og_type":"article","og_title":"Pavillon des Indes et Th\u00e9\u00e2tre de verdure - Festival Sitaara","og_description":"D\u00e9couvrez les lieux du Festival Sitaara dont le Pavillon des Indes du parc de B\u00e9con \u00e0 Courbevoie qui f\u00eate ses 10 ans de restauration.","og_url":"https:\/\/www.festivalsitaara.com\/index.php\/lieux-du-festival-pavillon-des-indes\/","og_site_name":"Festival Sitaara","article_publisher":"https:\/\/www.facebook.com\/festivalsitaara\/","article_modified_time":"2026-03-30T17:35:41+00:00","og_image":[{"width":2560,"height":1707,"url":"https:\/\/www.festivalsitaara.com\/wp-content\/uploads\/2023\/06\/pavillon-5-1-scaled.jpg","type":"image\/jpeg"}],"twitter_card":"summary_large_image","twitter_misc":{"Dur\u00e9e de lecture estim\u00e9e":"2 minutes"},"schema":{"@context":"https:\/\/schema.org","@graph":[{"@type":"WebPage","@id":"https:\/\/www.festivalsitaara.com\/index.php\/lieux-du-festival-pavillon-des-indes\/","url":"https:\/\/www.festivalsitaara.com\/index.php\/lieux-du-festival-pavillon-des-indes\/","name":"Pavillon des Indes et Th\u00e9\u00e2tre de verdure - Festival Sitaara","isPartOf":{"@id":"https:\/\/www.festivalsitaara.com\/#website"},"primaryImageOfPage":{"@id":"https:\/\/www.festivalsitaara.com\/index.php\/lieux-du-festival-pavillon-des-indes\/#primaryimage"},"image":{"@id":"https:\/\/www.festivalsitaara.com\/index.php\/lieux-du-festival-pavillon-des-indes\/#primaryimage"},"thumbnailUrl":"https:\/\/www.festivalsitaara.com\/wp-content\/uploads\/2023\/06\/pavillon-5-1-1024x683.jpg","datePublished":"2023-05-24T09:18:29+00:00","dateModified":"2026-03-30T17:35:41+00:00","description":"D\u00e9couvrez les lieux du Festival Sitaara dont le Pavillon des Indes du parc de B\u00e9con \u00e0 Courbevoie qui f\u00eate ses 10 ans de restauration.","breadcrumb":{"@id":"https:\/\/www.festivalsitaara.com\/index.php\/lieux-du-festival-pavillon-des-indes\/#breadcrumb"},"inLanguage":"fr-FR","potentialAction":[{"@type":"ReadAction","target":["https:\/\/www.festivalsitaara.com\/index.php\/lieux-du-festival-pavillon-des-indes\/"]}]},{"@type":"ImageObject","inLanguage":"fr-FR","@id":"https:\/\/www.festivalsitaara.com\/index.php\/lieux-du-festival-pavillon-des-indes\/#primaryimage","url":"https:\/\/www.festivalsitaara.com\/wp-content\/uploads\/2023\/06\/pavillon-5-1-scaled.jpg","contentUrl":"https:\/\/www.festivalsitaara.com\/wp-content\/uploads\/2023\/06\/pavillon-5-1-scaled.jpg","width":2560,"height":1707,"caption":"Pavillon des indes acc\u00e8s"},{"@type":"BreadcrumbList","@id":"https:\/\/www.festivalsitaara.com\/index.php\/lieux-du-festival-pavillon-des-indes\/#breadcrumb","itemListElement":[{"@type":"ListItem","position":1,"name":"Accueil","item":"https:\/\/www.festivalsitaara.com\/"},{"@type":"ListItem","position":2,"name":"Pavillon des Indes et Th\u00e9\u00e2tre de verdure"}]},{"@type":"WebSite","@id":"https:\/\/www.festivalsitaara.com\/#website","url":"https:\/\/www.festivalsitaara.com\/","name":"Festival Sitaara","description":"Concerts de musique franco-indienne","publisher":{"@id":"https:\/\/www.festivalsitaara.com\/#organization"},"potentialAction":[{"@type":"SearchAction","target":{"@type":"EntryPoint","urlTemplate":"https:\/\/www.festivalsitaara.com\/?s={search_term_string}"},"query-input":{"@type":"PropertyValueSpecification","valueRequired":true,"valueName":"search_term_string"}}],"inLanguage":"fr-FR"},{"@type":"Organization","@id":"https:\/\/www.festivalsitaara.com\/#organization","name":"Festival Sitaara","url":"https:\/\/www.festivalsitaara.com\/","logo":{"@type":"ImageObject","inLanguage":"fr-FR","@id":"https:\/\/www.festivalsitaara.com\/#\/schema\/logo\/image\/","url":"https:\/\/www.festivalsitaara.com\/wp-content\/uploads\/2023\/06\/cropped-sitaara_ocre.png","contentUrl":"https:\/\/www.festivalsitaara.com\/wp-content\/uploads\/2023\/06\/cropped-sitaara_ocre.png","width":2333,"height":3466,"caption":"Festival Sitaara"},"image":{"@id":"https:\/\/www.festivalsitaara.com\/#\/schema\/logo\/image\/"},"sameAs":["https:\/\/www.facebook.com\/festivalsitaara\/","https:\/\/www.instagram.com\/festivalsitaara\/"]}]}},"_links":{"self":[{"href":"https:\/\/www.festivalsitaara.com\/index.php\/wp-json\/wp\/v2\/pages\/195","targetHints":{"allow":["GET"]}}],"collection":[{"href":"https:\/\/www.festivalsitaara.com\/index.php\/wp-json\/wp\/v2\/pages"}],"about":[{"href":"https:\/\/www.festivalsitaara.com\/index.php\/wp-json\/wp\/v2\/types\/page"}],"author":[{"embeddable":true,"href":"https:\/\/www.festivalsitaara.com\/index.php\/wp-json\/wp\/v2\/users\/2"}],"replies":[{"embeddable":true,"href":"https:\/\/www.festivalsitaara.com\/index.php\/wp-json\/wp\/v2\/comments?post=195"}],"version-history":[{"count":51,"href":"https:\/\/www.festivalsitaara.com\/index.php\/wp-json\/wp\/v2\/pages\/195\/revisions"}],"predecessor-version":[{"id":1289,"href":"https:\/\/www.festivalsitaara.com\/index.php\/wp-json\/wp\/v2\/pages\/195\/revisions\/1289"}],"wp:attachment":[{"href":"https:\/\/www.festivalsitaara.com\/index.php\/wp-json\/wp\/v2\/media?parent=195"}],"curies":[{"name":"wp","href":"https:\/\/api.w.org\/{rel}","templated":true}]}}