{"id":279,"date":"2023-05-24T14:31:24","date_gmt":"2023-05-24T12:31:24","guid":{"rendered":"http:\/\/www.festivalsitaara.com\/?page_id=279"},"modified":"2025-09-09T10:29:44","modified_gmt":"2025-09-09T08:29:44","slug":"acces","status":"publish","type":"page","link":"https:\/\/www.festivalsitaara.com\/index.php\/acces\/","title":{"rendered":"Acc\u00e8s"},"content":{"rendered":"\n<h3 class=\"wp-block-heading\">Acc\u00e8s au Festival<\/h3>\n\n\n\n<p><span style=\"font-size:11.0pt;line-height:107%;\nfont-family:&quot;Segoe UI Emoji&quot;,sans-serif;mso-fareast-font-family:Calibri;\nmso-fareast-theme-font:minor-latin;mso-bidi-font-family:&quot;Segoe UI Emoji&quot;;\nmso-ansi-language:FR;mso-fareast-language:EN-US;mso-bidi-language:AR-SA\">\ud83d\udccc<\/span> Parc de B\u00e9con, 142 boulevard Saint-Denis, 92400 Courbevoie <\/p>\n\n\n\n<p>\ud83d\ude87 Acc\u00e8s <br>M\u00e9tro: Ligne 3, arr\u00eat Pont de Levallois-B\u00e9con <br>Transilien: Ligne L, arr\u00eat B\u00e9con-les-Bruy\u00e8res (\u00e0 10 minutes depuis la gare Saint-Lazare (Paris))<br>Bus: 275 et 167 arr\u00eat Place Mermoz, 277 arr\u00eat Franklin<\/p>\n\n\n\n<p><iframe src=\"https:\/\/www.google.com\/maps\/embed?pb=!1m18!1m12!1m3!1d2622.820047678159!2d2.2679909156758375!3d48.899766579291516!2m3!1f0!2f0!3f0!3m2!1i1024!2i768!4f13.1!3m3!1m2!1s0x47e66582d079a0d1%3A0x591987b6c796bfbf!2sParc%20de%20B%C3%A9con!5e0!3m2!1sfr!2sfr!4v1684930784077!5m2!1sfr!2sfr\" style=\"border:0;\" allowfullscreen=\"\" loading=\"lazy\" referrerpolicy=\"no-referrer-when-downgrade\" width=\"600\" height=\"450\"><\/iframe><\/p>\n\n\n\n<p><a href=\"https:\/\/www.google.com\/maps?client=firefox-b-d&amp;output=search&amp;q=parc+de+b%C3%A9con&amp;entry=mc&amp;sa=X&amp;ved=2ahUKEwj-5onZsML_AhXHVaQEHQhcDW8Q0pQJegQICxAB\" target=\"_blank\" rel=\"noreferrer noopener\">Ouvrir dans Maps<\/a><\/p>\n\n\n\n<figure class=\"wp-block-image size-large is-resized\"><img loading=\"lazy\" decoding=\"async\" width=\"1024\" height=\"683\" src=\"https:\/\/www.festivalsitaara.com\/wp-content\/uploads\/2023\/06\/pavillon-5-1-1024x683.jpg\" alt=\"Pavillon des indes acc\u00e8s\" class=\"wp-image-597\" style=\"width:309px;height:206px\" srcset=\"https:\/\/www.festivalsitaara.com\/wp-content\/uploads\/2023\/06\/pavillon-5-1-1024x683.jpg 1024w, https:\/\/www.festivalsitaara.com\/wp-content\/uploads\/2023\/06\/pavillon-5-1-300x200.jpg 300w, https:\/\/www.festivalsitaara.com\/wp-content\/uploads\/2023\/06\/pavillon-5-1-768x512.jpg 768w, https:\/\/www.festivalsitaara.com\/wp-content\/uploads\/2023\/06\/pavillon-5-1-1536x1024.jpg 1536w, https:\/\/www.festivalsitaara.com\/wp-content\/uploads\/2023\/06\/pavillon-5-1-2048x1365.jpg 2048w, https:\/\/www.festivalsitaara.com\/wp-content\/uploads\/2023\/06\/pavillon-5-1-2000x1333.jpg 2000w\" sizes=\"auto, (max-width: 1024px) 100vw, 1024px\" \/><\/figure>\n\n\n\n<p>Acc\u00e8s par l&rsquo;entr\u00e9e jouxtant le Pavillon des Indes.<\/p>\n\n\n\n<p><a href=\"https:\/\/www.festivalsitaara.com\/index.php\/contact\/\">Nous contacter<\/a><\/p>\n","protected":false},"excerpt":{"rendered":"<p>Acc\u00e8s au Festival \ud83d\udccc Parc de B\u00e9con, 142 boulevard Saint-Denis, 92400 Courbevoie \ud83d\ude87 Acc\u00e8s M\u00e9tro: Ligne 3, arr\u00eat Pont de Levallois-B\u00e9con Transilien: Ligne L, arr\u00eat B\u00e9con-les-Bruy\u00e8res (\u00e0 10 minutes depuis la gare Saint-Lazare (Paris))Bus: 275 et 167 arr\u00eat Place Mermoz, 277 arr\u00eat Franklin Ouvrir dans Maps Acc\u00e8s par l&rsquo;entr\u00e9e jouxtant le Pavillon des Indes. Nous &hellip; <\/p>\n<p class=\"link-more\"><a href=\"https:\/\/www.festivalsitaara.com\/index.php\/acces\/\" class=\"more-link\">Lire la suite de<span class=\"screen-reader-text\">\u00ab\u00a0Acc\u00e8s\u00a0\u00bb<\/span><\/a><\/p>\n","protected":false},"author":2,"featured_media":0,"parent":0,"menu_order":0,"comment_status":"closed","ping_status":"closed","template":"","meta":{"inspiro_hide_title":false,"footnotes":""},"class_list":["post-279","page","type-page","status-publish","hentry"],"yoast_head":"<!-- This site is optimized with the Yoast SEO plugin v27.3 - https:\/\/yoast.com\/product\/yoast-seo-wordpress\/ -->\n<title>Acc\u00e8s - Festival Sitaara<\/title>\n<meta name=\"description\" content=\"Voici les diff\u00e9rents acc\u00e8s pour venir au Festival Sitaara : en m\u00e9tro, en bus, en train, en voiture, \u00e0 pied... d\u00e9couvrez le plan.\" \/>\n<meta name=\"robots\" content=\"index, follow, max-snippet:-1, max-image-preview:large, max-video-preview:-1\" \/>\n<link rel=\"canonical\" href=\"https:\/\/www.festivalsitaara.com\/index.php\/acces\/\" \/>\n<meta property=\"og:locale\" content=\"fr_FR\" \/>\n<meta property=\"og:type\" content=\"article\" \/>\n<meta property=\"og:title\" content=\"Acc\u00e8s - Festival Sitaara\" \/>\n<meta property=\"og:description\" content=\"Voici les diff\u00e9rents acc\u00e8s pour venir au Festival Sitaara : en m\u00e9tro, en bus, en train, en voiture, \u00e0 pied... d\u00e9couvrez le plan.\" \/>\n<meta property=\"og:url\" content=\"https:\/\/www.festivalsitaara.com\/index.php\/acces\/\" \/>\n<meta property=\"og:site_name\" content=\"Festival Sitaara\" \/>\n<meta property=\"article:publisher\" content=\"https:\/\/www.facebook.com\/festivalsitaara\/\" \/>\n<meta property=\"article:modified_time\" content=\"2025-09-09T08:29:44+00:00\" \/>\n<meta property=\"og:image\" content=\"https:\/\/www.festivalsitaara.com\/wp-content\/uploads\/2023\/06\/pavillon-5-1-scaled.jpg\" \/>\n\t<meta property=\"og:image:width\" content=\"2560\" \/>\n\t<meta property=\"og:image:height\" content=\"1707\" \/>\n\t<meta property=\"og:image:type\" content=\"image\/jpeg\" \/>\n<meta name=\"twitter:card\" content=\"summary_large_image\" \/>\n<meta name=\"twitter:label1\" content=\"Dur\u00e9e de lecture estim\u00e9e\" \/>\n\t<meta name=\"twitter:data1\" content=\"1 minute\" \/>\n<script type=\"application\/ld+json\" class=\"yoast-schema-graph\">{\"@context\":\"https:\\\/\\\/schema.org\",\"@graph\":[{\"@type\":\"WebPage\",\"@id\":\"https:\\\/\\\/www.festivalsitaara.com\\\/index.php\\\/acces\\\/\",\"url\":\"https:\\\/\\\/www.festivalsitaara.com\\\/index.php\\\/acces\\\/\",\"name\":\"Acc\u00e8s - Festival Sitaara\",\"isPartOf\":{\"@id\":\"https:\\\/\\\/www.festivalsitaara.com\\\/#website\"},\"primaryImageOfPage\":{\"@id\":\"https:\\\/\\\/www.festivalsitaara.com\\\/index.php\\\/acces\\\/#primaryimage\"},\"image\":{\"@id\":\"https:\\\/\\\/www.festivalsitaara.com\\\/index.php\\\/acces\\\/#primaryimage\"},\"thumbnailUrl\":\"https:\\\/\\\/www.festivalsitaara.com\\\/wp-content\\\/uploads\\\/2023\\\/06\\\/pavillon-5-1-1024x683.jpg\",\"datePublished\":\"2023-05-24T12:31:24+00:00\",\"dateModified\":\"2025-09-09T08:29:44+00:00\",\"description\":\"Voici les diff\u00e9rents acc\u00e8s pour venir au Festival Sitaara : en m\u00e9tro, en bus, en train, en voiture, \u00e0 pied... d\u00e9couvrez le plan.\",\"breadcrumb\":{\"@id\":\"https:\\\/\\\/www.festivalsitaara.com\\\/index.php\\\/acces\\\/#breadcrumb\"},\"inLanguage\":\"fr-FR\",\"potentialAction\":[{\"@type\":\"ReadAction\",\"target\":[\"https:\\\/\\\/www.festivalsitaara.com\\\/index.php\\\/acces\\\/\"]}]},{\"@type\":\"ImageObject\",\"inLanguage\":\"fr-FR\",\"@id\":\"https:\\\/\\\/www.festivalsitaara.com\\\/index.php\\\/acces\\\/#primaryimage\",\"url\":\"https:\\\/\\\/www.festivalsitaara.com\\\/wp-content\\\/uploads\\\/2023\\\/06\\\/pavillon-5-1-scaled.jpg\",\"contentUrl\":\"https:\\\/\\\/www.festivalsitaara.com\\\/wp-content\\\/uploads\\\/2023\\\/06\\\/pavillon-5-1-scaled.jpg\",\"width\":2560,\"height\":1707,\"caption\":\"Pavillon des indes acc\u00e8s\"},{\"@type\":\"BreadcrumbList\",\"@id\":\"https:\\\/\\\/www.festivalsitaara.com\\\/index.php\\\/acces\\\/#breadcrumb\",\"itemListElement\":[{\"@type\":\"ListItem\",\"position\":1,\"name\":\"Accueil\",\"item\":\"https:\\\/\\\/www.festivalsitaara.com\\\/\"},{\"@type\":\"ListItem\",\"position\":2,\"name\":\"Acc\u00e8s\"}]},{\"@type\":\"WebSite\",\"@id\":\"https:\\\/\\\/www.festivalsitaara.com\\\/#website\",\"url\":\"https:\\\/\\\/www.festivalsitaara.com\\\/\",\"name\":\"Festival Sitaara\",\"description\":\"Concerts de musique franco-indienne\",\"publisher\":{\"@id\":\"https:\\\/\\\/www.festivalsitaara.com\\\/#organization\"},\"potentialAction\":[{\"@type\":\"SearchAction\",\"target\":{\"@type\":\"EntryPoint\",\"urlTemplate\":\"https:\\\/\\\/www.festivalsitaara.com\\\/?s={search_term_string}\"},\"query-input\":{\"@type\":\"PropertyValueSpecification\",\"valueRequired\":true,\"valueName\":\"search_term_string\"}}],\"inLanguage\":\"fr-FR\"},{\"@type\":\"Organization\",\"@id\":\"https:\\\/\\\/www.festivalsitaara.com\\\/#organization\",\"name\":\"Festival Sitaara\",\"url\":\"https:\\\/\\\/www.festivalsitaara.com\\\/\",\"logo\":{\"@type\":\"ImageObject\",\"inLanguage\":\"fr-FR\",\"@id\":\"https:\\\/\\\/www.festivalsitaara.com\\\/#\\\/schema\\\/logo\\\/image\\\/\",\"url\":\"https:\\\/\\\/www.festivalsitaara.com\\\/wp-content\\\/uploads\\\/2023\\\/06\\\/cropped-sitaara_ocre.png\",\"contentUrl\":\"https:\\\/\\\/www.festivalsitaara.com\\\/wp-content\\\/uploads\\\/2023\\\/06\\\/cropped-sitaara_ocre.png\",\"width\":2333,\"height\":3466,\"caption\":\"Festival Sitaara\"},\"image\":{\"@id\":\"https:\\\/\\\/www.festivalsitaara.com\\\/#\\\/schema\\\/logo\\\/image\\\/\"},\"sameAs\":[\"https:\\\/\\\/www.facebook.com\\\/festivalsitaara\\\/\",\"https:\\\/\\\/www.instagram.com\\\/festivalsitaara\\\/\"]}]}<\/script>\n<!-- \/ Yoast SEO plugin. -->","yoast_head_json":{"title":"Acc\u00e8s - Festival Sitaara","description":"Voici les diff\u00e9rents acc\u00e8s pour venir au Festival Sitaara : en m\u00e9tro, en bus, en train, en voiture, \u00e0 pied... d\u00e9couvrez le plan.","robots":{"index":"index","follow":"follow","max-snippet":"max-snippet:-1","max-image-preview":"max-image-preview:large","max-video-preview":"max-video-preview:-1"},"canonical":"https:\/\/www.festivalsitaara.com\/index.php\/acces\/","og_locale":"fr_FR","og_type":"article","og_title":"Acc\u00e8s - Festival Sitaara","og_description":"Voici les diff\u00e9rents acc\u00e8s pour venir au Festival Sitaara : en m\u00e9tro, en bus, en train, en voiture, \u00e0 pied... d\u00e9couvrez le plan.","og_url":"https:\/\/www.festivalsitaara.com\/index.php\/acces\/","og_site_name":"Festival Sitaara","article_publisher":"https:\/\/www.facebook.com\/festivalsitaara\/","article_modified_time":"2025-09-09T08:29:44+00:00","og_image":[{"width":2560,"height":1707,"url":"https:\/\/www.festivalsitaara.com\/wp-content\/uploads\/2023\/06\/pavillon-5-1-scaled.jpg","type":"image\/jpeg"}],"twitter_card":"summary_large_image","twitter_misc":{"Dur\u00e9e de lecture estim\u00e9e":"1 minute"},"schema":{"@context":"https:\/\/schema.org","@graph":[{"@type":"WebPage","@id":"https:\/\/www.festivalsitaara.com\/index.php\/acces\/","url":"https:\/\/www.festivalsitaara.com\/index.php\/acces\/","name":"Acc\u00e8s - Festival Sitaara","isPartOf":{"@id":"https:\/\/www.festivalsitaara.com\/#website"},"primaryImageOfPage":{"@id":"https:\/\/www.festivalsitaara.com\/index.php\/acces\/#primaryimage"},"image":{"@id":"https:\/\/www.festivalsitaara.com\/index.php\/acces\/#primaryimage"},"thumbnailUrl":"https:\/\/www.festivalsitaara.com\/wp-content\/uploads\/2023\/06\/pavillon-5-1-1024x683.jpg","datePublished":"2023-05-24T12:31:24+00:00","dateModified":"2025-09-09T08:29:44+00:00","description":"Voici les diff\u00e9rents acc\u00e8s pour venir au Festival Sitaara : en m\u00e9tro, en bus, en train, en voiture, \u00e0 pied... d\u00e9couvrez le plan.","breadcrumb":{"@id":"https:\/\/www.festivalsitaara.com\/index.php\/acces\/#breadcrumb"},"inLanguage":"fr-FR","potentialAction":[{"@type":"ReadAction","target":["https:\/\/www.festivalsitaara.com\/index.php\/acces\/"]}]},{"@type":"ImageObject","inLanguage":"fr-FR","@id":"https:\/\/www.festivalsitaara.com\/index.php\/acces\/#primaryimage","url":"https:\/\/www.festivalsitaara.com\/wp-content\/uploads\/2023\/06\/pavillon-5-1-scaled.jpg","contentUrl":"https:\/\/www.festivalsitaara.com\/wp-content\/uploads\/2023\/06\/pavillon-5-1-scaled.jpg","width":2560,"height":1707,"caption":"Pavillon des indes acc\u00e8s"},{"@type":"BreadcrumbList","@id":"https:\/\/www.festivalsitaara.com\/index.php\/acces\/#breadcrumb","itemListElement":[{"@type":"ListItem","position":1,"name":"Accueil","item":"https:\/\/www.festivalsitaara.com\/"},{"@type":"ListItem","position":2,"name":"Acc\u00e8s"}]},{"@type":"WebSite","@id":"https:\/\/www.festivalsitaara.com\/#website","url":"https:\/\/www.festivalsitaara.com\/","name":"Festival Sitaara","description":"Concerts de musique franco-indienne","publisher":{"@id":"https:\/\/www.festivalsitaara.com\/#organization"},"potentialAction":[{"@type":"SearchAction","target":{"@type":"EntryPoint","urlTemplate":"https:\/\/www.festivalsitaara.com\/?s={search_term_string}"},"query-input":{"@type":"PropertyValueSpecification","valueRequired":true,"valueName":"search_term_string"}}],"inLanguage":"fr-FR"},{"@type":"Organization","@id":"https:\/\/www.festivalsitaara.com\/#organization","name":"Festival Sitaara","url":"https:\/\/www.festivalsitaara.com\/","logo":{"@type":"ImageObject","inLanguage":"fr-FR","@id":"https:\/\/www.festivalsitaara.com\/#\/schema\/logo\/image\/","url":"https:\/\/www.festivalsitaara.com\/wp-content\/uploads\/2023\/06\/cropped-sitaara_ocre.png","contentUrl":"https:\/\/www.festivalsitaara.com\/wp-content\/uploads\/2023\/06\/cropped-sitaara_ocre.png","width":2333,"height":3466,"caption":"Festival Sitaara"},"image":{"@id":"https:\/\/www.festivalsitaara.com\/#\/schema\/logo\/image\/"},"sameAs":["https:\/\/www.facebook.com\/festivalsitaara\/","https:\/\/www.instagram.com\/festivalsitaara\/"]}]}},"_links":{"self":[{"href":"https:\/\/www.festivalsitaara.com\/index.php\/wp-json\/wp\/v2\/pages\/279","targetHints":{"allow":["GET"]}}],"collection":[{"href":"https:\/\/www.festivalsitaara.com\/index.php\/wp-json\/wp\/v2\/pages"}],"about":[{"href":"https:\/\/www.festivalsitaara.com\/index.php\/wp-json\/wp\/v2\/types\/page"}],"author":[{"embeddable":true,"href":"https:\/\/www.festivalsitaara.com\/index.php\/wp-json\/wp\/v2\/users\/2"}],"replies":[{"embeddable":true,"href":"https:\/\/www.festivalsitaara.com\/index.php\/wp-json\/wp\/v2\/comments?post=279"}],"version-history":[{"count":17,"href":"https:\/\/www.festivalsitaara.com\/index.php\/wp-json\/wp\/v2\/pages\/279\/revisions"}],"predecessor-version":[{"id":1277,"href":"https:\/\/www.festivalsitaara.com\/index.php\/wp-json\/wp\/v2\/pages\/279\/revisions\/1277"}],"wp:attachment":[{"href":"https:\/\/www.festivalsitaara.com\/index.php\/wp-json\/wp\/v2\/media?parent=279"}],"curies":[{"name":"wp","href":"https:\/\/api.w.org\/{rel}","templated":true}]}}